{"id":30,"date":"2022-11-21T12:21:39","date_gmt":"2022-11-21T12:21:39","guid":{"rendered":"https:\/\/tamusproject.eu\/?page_id=30"},"modified":"2024-12-03T10:10:47","modified_gmt":"2024-12-03T10:10:47","slug":"home","status":"publish","type":"page","link":"https:\/\/tamusproject.eu\/fr\/","title":{"rendered":"Accueil"},"content":{"rendered":"<div data-elementor-type=\"wp-page\" data-elementor-id=\"30\" class=\"elementor elementor-30\">\n\t\t\t\t\t\t<section class=\"elementor-section elementor-top-section elementor-element elementor-element-2ce0b99 elementor-section-boxed elementor-section-height-default elementor-section-height-default elementor-invisible\" data-id=\"2ce0b99\" data-element_type=\"section\" data-settings=\"{&quot;background_background&quot;:&quot;classic&quot;,&quot;animation&quot;:&quot;fadeIn&quot;}\">\n\t\t\t\t\t\t<div class=\"elementor-container elementor-column-gap-default\">\n\t\t\t\t\t<div class=\"elementor-column elementor-col-33 elementor-top-column elementor-element elementor-element-7a9bf2a\" data-id=\"7a9bf2a\" data-element_type=\"column\">\n\t\t\t<div class=\"elementor-widget-wrap elementor-element-populated\">\n\t\t\t\t\t\t<div class=\"elementor-element elementor-element-c5fb85c elementor-widget elementor-widget-image\" data-id=\"c5fb85c\" data-element_type=\"widget\" data-widget_type=\"image.default\">\n\t\t\t\t<div class=\"elementor-widget-container\">\n\t\t\t\t\t\t\t\t\t\t\t\t\t<img fetchpriority=\"high\" decoding=\"async\" width=\"750\" height=\"530\" src=\"https:\/\/tamusproject.eu\/wp-content\/uploads\/2022\/11\/Logo-png-1024x724.png\" class=\"attachment-large size-large wp-image-7\" alt=\"\" srcset=\"https:\/\/tamusproject.eu\/wp-content\/uploads\/2022\/11\/Logo-png-1024x724.png 1024w, https:\/\/tamusproject.eu\/wp-content\/uploads\/2022\/11\/Logo-png-300x212.png 300w, https:\/\/tamusproject.eu\/wp-content\/uploads\/2022\/11\/Logo-png-768x543.png 768w, https:\/\/tamusproject.eu\/wp-content\/uploads\/2022\/11\/Logo-png-1536x1086.png 1536w, https:\/\/tamusproject.eu\/wp-content\/uploads\/2022\/11\/Logo-png-2048x1448.png 2048w\" sizes=\"(max-width: 750px) 100vw, 750px\" style=\"width:100%;height:70.7%;max-width:3508px\" \/>\t\t\t\t\t\t\t\t\t\t\t\t\t<\/div>\n\t\t\t\t<\/div>\n\t\t\t\t\t<\/div>\n\t\t<\/div>\n\t\t\t\t<div class=\"elementor-column elementor-col-33 elementor-top-column elementor-element elementor-element-4eb6e36\" data-id=\"4eb6e36\" data-element_type=\"column\">\n\t\t\t<div class=\"elementor-widget-wrap elementor-element-populated\">\n\t\t\t\t\t\t<div class=\"elementor-element elementor-element-c254e03 elementor-widget elementor-widget-ekit-nav-menu\" data-id=\"c254e03\" data-element_type=\"widget\" data-widget_type=\"ekit-nav-menu.default\">\n\t\t\t\t<div class=\"elementor-widget-container\">\n\t\t\t<div class=\"ekit-wid-con ekit_menu_responsive_tablet\" data-hamburger-icon=\"\" data-hamburger-icon-type=\"icon\" data-responsive-breakpoint=\"1024\">            <button class=\"elementskit-menu-hamburger elementskit-menu-toggler\"  type=\"button\" aria-label=\"hamburger-icon\">\n                                    <span class=\"elementskit-menu-hamburger-icon\"><\/span><span class=\"elementskit-menu-hamburger-icon\"><\/span><span class=\"elementskit-menu-hamburger-icon\"><\/span>\n                            <\/button>\n            <div id=\"ekit-megamenu-main\" class=\"elementskit-menu-container elementskit-menu-offcanvas-elements elementskit-navbar-nav-default ekit-nav-menu-one-page-no ekit-nav-dropdown-hover\"><ul id=\"menu-main\" class=\"elementskit-navbar-nav elementskit-menu-po-right submenu-click-on-icon\"><li id=\"menu-item-172\" class=\"menu-item menu-item-type-post_type menu-item-object-page menu-item-home menu-item-172 nav-item elementskit-mobile-builder-content\" data-vertical-menu=\"750px\"><a href=\"https:\/\/tamusproject.eu\/fr\/\" class=\"ekit-menu-nav-link\">Accueil<\/a><\/li>\n<li id=\"menu-item-229\" class=\"menu-item menu-item-type-custom menu-item-object-custom menu-item-229 nav-item elementskit-mobile-builder-content\" data-vertical-menu=\"750px\"><a href=\"https:\/\/tamusproject.eu\/fr\/#aboutus\" class=\"ekit-menu-nav-link\">Qui sommes-nous<\/a><\/li>\n<li id=\"menu-item-1673\" class=\"menu-item menu-item-type-post_type menu-item-object-page menu-item-1673 nav-item elementskit-mobile-builder-content\" data-vertical-menu=\"750px\"><a href=\"https:\/\/tamusproject.eu\/fr\/parents\/\" class=\"ekit-menu-nav-link\">Parents<\/a><\/li>\n<li id=\"menu-item-1656\" class=\"menu-item menu-item-type-custom menu-item-object-custom menu-item-has-children menu-item-1656 nav-item elementskit-dropdown-has relative_position elementskit-dropdown-menu-default_width elementskit-mobile-builder-content\" data-vertical-menu=\"750px\"><a href=\"https:\/\/tamusproject.eu\/fr\/comics\/\" class=\"ekit-menu-nav-link ekit-menu-dropdown-toggle\">Enfants et adolescents<i aria-hidden=\"true\" class=\"icon icon-down-arrow1 elementskit-submenu-indicator\"><\/i><\/a><button class=\"sub-menu-toggle\" aria-expanded=\"false\" onclick=\"twentytwentyoneExpandSubMenu(this)\"><span class=\"icon-plus\"><svg class=\"svg-icon\" width=\"18\" height=\"18\" aria-hidden=\"true\" role=\"img\" focusable=\"false\" viewbox=\"0 0 24 24\" fill=\"none\" xmlns=\"http:\/\/www.w3.org\/2000\/svg\"><path fill-rule=\"evenodd\" clip-rule=\"evenodd\" d=\"M18 11.2h-5.2V6h-1.6v5.2H6v1.6h5.2V18h1.6v-5.2H18z\" fill=\"currentColor\"\/><\/svg><\/span><span class=\"icon-minus\"><svg class=\"svg-icon\" width=\"18\" height=\"18\" aria-hidden=\"true\" role=\"img\" focusable=\"false\" viewbox=\"0 0 24 24\" fill=\"none\" xmlns=\"http:\/\/www.w3.org\/2000\/svg\"><path fill-rule=\"evenodd\" clip-rule=\"evenodd\" d=\"M6 11h12v2H6z\" fill=\"currentColor\"\/><\/svg><\/span><span class=\"screen-reader-text\">Ouvrir le menu<\/span><\/button>\n<ul class=\"elementskit-dropdown elementskit-submenu-panel\">\n\t<li id=\"menu-item-642\" class=\"menu-item menu-item-type-post_type menu-item-object-page menu-item-642 nav-item elementskit-mobile-builder-content\" data-vertical-menu=\"750px\"><a href=\"https:\/\/tamusproject.eu\/fr\/comics\/\" class=\"dropdown-item\">Bandes Dessin\u00e9es<\/a>\t<li id=\"menu-item-825\" class=\"menu-item menu-item-type-post_type menu-item-object-page menu-item-825 nav-item elementskit-mobile-builder-content\" data-vertical-menu=\"750px\"><a href=\"https:\/\/tamusproject.eu\/fr\/magazines-introductory\/\" class=\"dropdown-item\">Magazine<\/a><\/ul>\n<\/li>\n<li id=\"menu-item-1657\" class=\"menu-item menu-item-type-custom menu-item-object-custom menu-item-has-children menu-item-1657 nav-item elementskit-dropdown-has relative_position elementskit-dropdown-menu-default_width elementskit-mobile-builder-content\" data-vertical-menu=\"750px\"><a href=\"https:\/\/tamusproject.eu\/fr\/audio-books\/\" class=\"ekit-menu-nav-link ekit-menu-dropdown-toggle\">Seniors<i aria-hidden=\"true\" class=\"icon icon-down-arrow1 elementskit-submenu-indicator\"><\/i><\/a><button class=\"sub-menu-toggle\" aria-expanded=\"false\" onclick=\"twentytwentyoneExpandSubMenu(this)\"><span class=\"icon-plus\"><svg class=\"svg-icon\" width=\"18\" height=\"18\" aria-hidden=\"true\" role=\"img\" focusable=\"false\" viewbox=\"0 0 24 24\" fill=\"none\" xmlns=\"http:\/\/www.w3.org\/2000\/svg\"><path fill-rule=\"evenodd\" clip-rule=\"evenodd\" d=\"M18 11.2h-5.2V6h-1.6v5.2H6v1.6h5.2V18h1.6v-5.2H18z\" fill=\"currentColor\"\/><\/svg><\/span><span class=\"icon-minus\"><svg class=\"svg-icon\" width=\"18\" height=\"18\" aria-hidden=\"true\" role=\"img\" focusable=\"false\" viewbox=\"0 0 24 24\" fill=\"none\" xmlns=\"http:\/\/www.w3.org\/2000\/svg\"><path fill-rule=\"evenodd\" clip-rule=\"evenodd\" d=\"M6 11h12v2H6z\" fill=\"currentColor\"\/><\/svg><\/span><span class=\"screen-reader-text\">Ouvrir le menu<\/span><\/button>\n<ul class=\"elementskit-dropdown elementskit-submenu-panel\">\n\t<li id=\"menu-item-1098\" class=\"menu-item menu-item-type-post_type menu-item-object-page menu-item-1098 nav-item elementskit-mobile-builder-content\" data-vertical-menu=\"750px\"><a href=\"https:\/\/tamusproject.eu\/fr\/audio-books\/\" class=\"dropdown-item\">Livres Audios<\/a><\/ul>\n<\/li>\n<li id=\"menu-item-1725\" class=\"menu-item menu-item-type-post_type menu-item-object-page menu-item-1725 nav-item elementskit-mobile-builder-content\" data-vertical-menu=\"750px\"><a href=\"https:\/\/tamusproject.eu\/fr\/educators\/\" class=\"ekit-menu-nav-link\">Ressources pour les \u00e9ducateurs<\/a><\/li>\n<li id=\"menu-item-1701\" class=\"menu-item menu-item-type-post_type menu-item-object-page menu-item-1701 nav-item elementskit-mobile-builder-content\" data-vertical-menu=\"750px\"><a href=\"https:\/\/tamusproject.eu\/fr\/partners\/\" class=\"ekit-menu-nav-link\">Partenaires<\/a><\/li>\n<li id=\"menu-item-1710\" class=\"menu-item menu-item-type-post_type menu-item-object-page menu-item-1710 nav-item elementskit-mobile-builder-content\" data-vertical-menu=\"750px\"><a href=\"https:\/\/tamusproject.eu\/fr\/news\/\" class=\"ekit-menu-nav-link\">Actualit\u00e9s<\/a><\/li>\n<li id=\"menu-item-2111\" class=\"menu-item menu-item-type-post_type menu-item-object-page menu-item-2111 nav-item elementskit-mobile-builder-content\" data-vertical-menu=\"750px\"><a href=\"https:\/\/tamusproject.eu\/fr\/background\/\" class=\"ekit-menu-nav-link\">Contexte<\/a><\/li>\n<\/ul><div class=\"elementskit-nav-identity-panel\">\n\t\t\t\t<div class=\"elementskit-site-title\">\n\t\t\t\t\t<a class=\"elementskit-nav-logo\" href=\"https:\/\/tamusproject.eu\/fr\" target=\"_self\" rel=\"\">\n\t\t\t\t\t\t<img decoding=\"async\" src=\"\" title=\"Sans titre\" alt=\"\" \/>\n\t\t\t\t\t<\/a> \n\t\t\t\t<\/div><button class=\"elementskit-menu-close elementskit-menu-toggler\" type=\"button\">X<\/button><\/div><\/div>\t\t\t\n\t\t\t<div class=\"elementskit-menu-overlay elementskit-menu-offcanvas-elements elementskit-menu-toggler ekit-nav-menu--overlay\"><\/div><\/div>\t\t<\/div>\n\t\t\t\t<\/div>\n\t\t\t\t\t<\/div>\n\t\t<\/div>\n\t\t\t\t<div class=\"elementor-column elementor-col-33 elementor-top-column elementor-element elementor-element-df549dd\" data-id=\"df549dd\" data-element_type=\"column\">\n\t\t\t<div class=\"elementor-widget-wrap elementor-element-populated\">\n\t\t\t\t\t\t<div class=\"elementor-element elementor-element-ad67237 elementor-widget elementor-widget-spacer\" data-id=\"ad67237\" data-element_type=\"widget\" data-widget_type=\"spacer.default\">\n\t\t\t\t<div class=\"elementor-widget-container\">\n\t\t\t\t\t<div class=\"elementor-spacer\">\n\t\t\t<div class=\"elementor-spacer-inner\"><\/div>\n\t\t<\/div>\n\t\t\t\t<\/div>\n\t\t\t\t<\/div>\n\t\t\t\t<div class=\"elementor-element elementor-element-7becd3e elementor-shape-circle elementor-widget__width-initial elementor-grid-0 e-grid-align-center elementor-widget elementor-widget-social-icons\" data-id=\"7becd3e\" data-element_type=\"widget\" data-widget_type=\"social-icons.default\">\n\t\t\t\t<div class=\"elementor-widget-container\">\n\t\t\t\t\t<div class=\"elementor-social-icons-wrapper elementor-grid\">\n\t\t\t\t\t\t\t<span class=\"elementor-grid-item\">\n\t\t\t\t\t<a class=\"elementor-icon elementor-social-icon elementor-social-icon-facebook elementor-repeater-item-94b1d7f\" href=\"https:\/\/www.facebook.com\/clemrever%20\" target=\"_blank\">\n\t\t\t\t\t\t<span class=\"elementor-screen-only\">Facebook<\/span>\n\t\t\t\t\t\t<i class=\"fab fa-facebook\"><\/i>\t\t\t\t\t<\/a>\n\t\t\t\t<\/span>\n\t\t\t\t\t<\/div>\n\t\t\t\t<\/div>\n\t\t\t\t<\/div>\n\t\t\t\t\t<\/div>\n\t\t<\/div>\n\t\t\t\t\t<\/div>\n\t\t<\/section>\n\t\t\t\t<section class=\"elementor-section elementor-top-section elementor-element elementor-element-d9bb60f elementor-section-boxed elementor-section-height-default elementor-section-height-default elementor-invisible\" data-id=\"d9bb60f\" data-element_type=\"section\" data-settings=\"{&quot;background_background&quot;:&quot;classic&quot;,&quot;shape_divider_top&quot;:&quot;mountains&quot;,&quot;shape_divider_bottom&quot;:&quot;waves&quot;,&quot;animation&quot;:&quot;fadeIn&quot;}\">\n\t\t\t\t\t\t\t<div class=\"elementor-background-overlay\"><\/div>\n\t\t\t\t\t\t<div class=\"elementor-shape elementor-shape-top\" data-negative=\"false\">\n\t\t\t<svg xmlns=\"http:\/\/www.w3.org\/2000\/svg\" viewbox=\"0 0 1000 100\" preserveaspectratio=\"none\">\n\t<path class=\"elementor-shape-fill\" opacity=\"0.33\" d=\"M473,67.3c-203.9,88.3-263.1-34-320.3,0C66,119.1,0,59.7,0,59.7V0h1000v59.7 c0,0-62.1,26.1-94.9,29.3c-32.8,3.3-62.8-12.3-75.8-22.1C806,49.6,745.3,8.7,694.9,4.7S492.4,59,473,67.3z\"\/>\n\t<path class=\"elementor-shape-fill\" opacity=\"0.66\" d=\"M734,67.3c-45.5,0-77.2-23.2-129.1-39.1c-28.6-8.7-150.3-10.1-254,39.1 s-91.7-34.4-149.2,0C115.7,118.3,0,39.8,0,39.8V0h1000v36.5c0,0-28.2-18.5-92.1-18.5C810.2,18.1,775.7,67.3,734,67.3z\"\/>\n\t<path class=\"elementor-shape-fill\" d=\"M766.1,28.9c-200-57.5-266,65.5-395.1,19.5C242,1.8,242,5.4,184.8,20.6C128,35.8,132.3,44.9,89.9,52.5C28.6,63.7,0,0,0,0 h1000c0,0-9.9,40.9-83.6,48.1S829.6,47,766.1,28.9z\"\/>\n<\/svg>\t\t<\/div>\n\t\t\t\t<div class=\"elementor-shape elementor-shape-bottom\" data-negative=\"false\">\n\t\t\t<svg xmlns=\"http:\/\/www.w3.org\/2000\/svg\" viewbox=\"0 0 1000 100\" preserveaspectratio=\"none\">\n\t<path class=\"elementor-shape-fill\" d=\"M421.9,6.5c22.6-2.5,51.5,0.4,75.5,5.3c23.6,4.9,70.9,23.5,100.5,35.7c75.8,32.2,133.7,44.5,192.6,49.7\tc23.6,2.1,48.7,3.5,103.4-2.5c54.7-6,106.2-25.6,106.2-25.6V0H0v30.3c0,0,72,32.6,158.4,30.5c39.2-0.7,92.8-6.7,134-22.4\tc21.2-8.1,52.2-18.2,79.7-24.2C399.3,7.9,411.6,7.5,421.9,6.5z\"\/>\n<\/svg>\t\t<\/div>\n\t\t\t\t\t<div class=\"elementor-container elementor-column-gap-default\">\n\t\t\t\t\t<div class=\"elementor-column elementor-col-100 elementor-top-column elementor-element elementor-element-0fd0cef\" data-id=\"0fd0cef\" data-element_type=\"column\">\n\t\t\t<div class=\"elementor-widget-wrap elementor-element-populated\">\n\t\t\t\t\t\t<div class=\"elementor-element elementor-element-35c822b elementor-widget elementor-widget-spacer\" data-id=\"35c822b\" data-element_type=\"widget\" data-widget_type=\"spacer.default\">\n\t\t\t\t<div class=\"elementor-widget-container\">\n\t\t\t\t\t<div class=\"elementor-spacer\">\n\t\t\t<div class=\"elementor-spacer-inner\"><\/div>\n\t\t<\/div>\n\t\t\t\t<\/div>\n\t\t\t\t<\/div>\n\t\t\t\t<div class=\"elementor-element elementor-element-3c40768 elementor-invisible elementor-widget elementor-widget-heading\" data-id=\"3c40768\" data-element_type=\"widget\" data-settings=\"{&quot;_animation&quot;:&quot;slideInLeft&quot;}\" data-widget_type=\"heading.default\">\n\t\t\t\t<div class=\"elementor-widget-container\">\n\t\t\t<h2 class=\"elementor-heading-title elementor-size-default\">EN PARLER NOUS REND <\/h2>\t\t<\/div>\n\t\t\t\t<\/div>\n\t\t\t\t<div class=\"elementor-element elementor-element-533eabc elementor-invisible elementor-widget elementor-widget-heading\" data-id=\"533eabc\" data-element_type=\"widget\" data-settings=\"{&quot;_animation&quot;:&quot;slideInRight&quot;}\" data-widget_type=\"heading.default\">\n\t\t\t\t<div class=\"elementor-widget-container\">\n\t\t\t<h2 class=\"elementor-heading-title elementor-size-default\"><i>PLUS FORTS<\/i><\/h2>\t\t<\/div>\n\t\t\t\t<\/div>\n\t\t\t\t<div class=\"elementor-element elementor-element-fa6139e elementor-align-center animated-slow elementor-invisible elementor-widget elementor-widget-button\" data-id=\"fa6139e\" data-element_type=\"widget\" data-settings=\"{&quot;_animation&quot;:&quot;slideInUp&quot;}\" data-widget_type=\"button.default\">\n\t\t\t\t<div class=\"elementor-widget-container\">\n\t\t\t\t\t<div class=\"elementor-button-wrapper\">\n\t\t\t<a class=\"elementor-button elementor-button-link elementor-size-sm elementor-animation-bob\" href=\"#aboutus\">\n\t\t\t\t\t\t<span class=\"elementor-button-content-wrapper\">\n\t\t\t\t\t\t\t\t\t<span class=\"elementor-button-text\">D\u00e9couvrir<\/span>\n\t\t\t\t\t<\/span>\n\t\t\t\t\t<\/a>\n\t\t<\/div>\n\t\t\t\t<\/div>\n\t\t\t\t<\/div>\n\t\t\t\t<div class=\"elementor-element elementor-element-8b26271 elementor-widget elementor-widget-spacer\" data-id=\"8b26271\" data-element_type=\"widget\" data-widget_type=\"spacer.default\">\n\t\t\t\t<div class=\"elementor-widget-container\">\n\t\t\t\t\t<div class=\"elementor-spacer\">\n\t\t\t<div class=\"elementor-spacer-inner\"><\/div>\n\t\t<\/div>\n\t\t\t\t<\/div>\n\t\t\t\t<\/div>\n\t\t\t\t\t<\/div>\n\t\t<\/div>\n\t\t\t\t\t<\/div>\n\t\t<\/section>\n\t\t\t\t<section class=\"elementor-section elementor-top-section elementor-element elementor-element-2f656eb elementor-section-boxed elementor-section-height-default elementor-section-height-default\" data-id=\"2f656eb\" data-element_type=\"section\" id=\"aboutus\" data-settings=\"{&quot;background_background&quot;:&quot;classic&quot;}\">\n\t\t\t\t\t\t<div class=\"elementor-container elementor-column-gap-default\">\n\t\t\t\t\t<div class=\"elementor-column elementor-col-100 elementor-top-column elementor-element elementor-element-9acc2b6\" data-id=\"9acc2b6\" data-element_type=\"column\">\n\t\t\t<div class=\"elementor-widget-wrap elementor-element-populated\">\n\t\t\t\t\t\t<div class=\"elementor-element elementor-element-f74e7a4 elementor-widget elementor-widget-spacer\" data-id=\"f74e7a4\" data-element_type=\"widget\" data-widget_type=\"spacer.default\">\n\t\t\t\t<div class=\"elementor-widget-container\">\n\t\t\t\t\t<div class=\"elementor-spacer\">\n\t\t\t<div class=\"elementor-spacer-inner\"><\/div>\n\t\t<\/div>\n\t\t\t\t<\/div>\n\t\t\t\t<\/div>\n\t\t\t\t<div class=\"elementor-element elementor-element-097fdc3 elementor-widget elementor-widget-heading\" data-id=\"097fdc3\" data-element_type=\"widget\" data-widget_type=\"heading.default\">\n\t\t\t\t<div class=\"elementor-widget-container\">\n\t\t\t<h2 class=\"elementor-heading-title elementor-size-default\">Qui sommes-nous<\/h2>\t\t<\/div>\n\t\t\t\t<\/div>\n\t\t\t\t<div class=\"elementor-element elementor-element-a92b806 elementor-widget elementor-widget-text-editor\" data-id=\"a92b806\" data-element_type=\"widget\" data-widget_type=\"text-editor.default\">\n\t\t\t\t<div class=\"elementor-widget-container\">\n\t\t\t\t\t\t\t<p><i>Le projet TAMUS (Talking About it Makes Us Stronger) vise \u00e0 aider les familles europ\u00e9ennes \u00e0 promouvoir une sant\u00e9 mentale positive par le biais d'une approche d'apprentissage familial. Le projet se concentre sur l'engagement des membres de la famille \u00e0 travers les g\u00e9n\u00e9rations, des enfants aux adultes \u00e2g\u00e9s, dans l'apprentissage du bien-\u00eatre mental. Les principaux groupes cibles sont les parents, les jeunes adultes, les adolescents, les enfants et les personnes \u00e2g\u00e9es, avec des ressources adapt\u00e9es pour faciliter les discussions interg\u00e9n\u00e9rationnelles sur la sant\u00e9 mentale.<\/i><\/p>\t\t\t\t\t\t<\/div>\n\t\t\t\t<\/div>\n\t\t\t\t<section class=\"elementor-section elementor-inner-section elementor-element elementor-element-b77be39 elementor-section-boxed elementor-section-height-default elementor-section-height-default\" data-id=\"b77be39\" data-element_type=\"section\">\n\t\t\t\t\t\t<div class=\"elementor-container elementor-column-gap-default\">\n\t\t\t\t\t<div class=\"elementor-column elementor-col-16 elementor-inner-column elementor-element elementor-element-e74cda9\" data-id=\"e74cda9\" data-element_type=\"column\">\n\t\t\t<div class=\"elementor-widget-wrap\">\n\t\t\t\t\t\t\t<\/div>\n\t\t<\/div>\n\t\t\t\t<div class=\"elementor-column elementor-col-66 elementor-inner-column elementor-element elementor-element-cc3ee6d\" data-id=\"cc3ee6d\" data-element_type=\"column\">\n\t\t\t<div class=\"elementor-widget-wrap elementor-element-populated\">\n\t\t\t\t\t\t<div class=\"elementor-element elementor-element-2f2796c elementor-invisible elementor-widget elementor-widget-image\" data-id=\"2f2796c\" data-element_type=\"widget\" data-settings=\"{&quot;_animation&quot;:&quot;slideInRight&quot;}\" data-widget_type=\"image.default\">\n\t\t\t\t<div class=\"elementor-widget-container\">\n\t\t\t\t\t\t\t\t\t\t\t\t\t<img decoding=\"async\" width=\"750\" height=\"750\" src=\"https:\/\/tamusproject.eu\/wp-content\/uploads\/2024\/10\/Mental-health-amico-1024x1024.png\" class=\"attachment-large size-large wp-image-2104\" alt=\"\" srcset=\"https:\/\/tamusproject.eu\/wp-content\/uploads\/2024\/10\/Mental-health-amico-1024x1024.png 1024w, https:\/\/tamusproject.eu\/wp-content\/uploads\/2024\/10\/Mental-health-amico-300x300.png 300w, https:\/\/tamusproject.eu\/wp-content\/uploads\/2024\/10\/Mental-health-amico-150x150.png 150w, https:\/\/tamusproject.eu\/wp-content\/uploads\/2024\/10\/Mental-health-amico-768x768.png 768w, https:\/\/tamusproject.eu\/wp-content\/uploads\/2024\/10\/Mental-health-amico-1536x1536.png 1536w, https:\/\/tamusproject.eu\/wp-content\/uploads\/2024\/10\/Mental-health-amico-12x12.png 12w, https:\/\/tamusproject.eu\/wp-content\/uploads\/2024\/10\/Mental-health-amico-1568x1568.png 1568w, https:\/\/tamusproject.eu\/wp-content\/uploads\/2024\/10\/Mental-health-amico.png 2000w\" sizes=\"(max-width: 750px) 100vw, 750px\" style=\"width:100%;height:100%;max-width:2000px\" \/>\t\t\t\t\t\t\t\t\t\t\t\t\t<\/div>\n\t\t\t\t<\/div>\n\t\t\t\t\t<\/div>\n\t\t<\/div>\n\t\t\t\t<div class=\"elementor-column elementor-col-16 elementor-inner-column elementor-element elementor-element-9ba3a4e\" data-id=\"9ba3a4e\" data-element_type=\"column\">\n\t\t\t<div class=\"elementor-widget-wrap\">\n\t\t\t\t\t\t\t<\/div>\n\t\t<\/div>\n\t\t\t\t\t<\/div>\n\t\t<\/section>\n\t\t\t\t<div class=\"elementor-element elementor-element-8201749 elementor-widget elementor-widget-spacer\" data-id=\"8201749\" data-element_type=\"widget\" data-widget_type=\"spacer.default\">\n\t\t\t\t<div class=\"elementor-widget-container\">\n\t\t\t\t\t<div class=\"elementor-spacer\">\n\t\t\t<div class=\"elementor-spacer-inner\"><\/div>\n\t\t<\/div>\n\t\t\t\t<\/div>\n\t\t\t\t<\/div>\n\t\t\t\t\t<\/div>\n\t\t<\/div>\n\t\t\t\t\t<\/div>\n\t\t<\/section>\n\t\t\t\t<section class=\"elementor-section elementor-top-section elementor-element elementor-element-4fd8f36 elementor-section-boxed elementor-section-height-default elementor-section-height-default\" data-id=\"4fd8f36\" data-element_type=\"section\" data-settings=\"{&quot;background_background&quot;:&quot;classic&quot;}\">\n\t\t\t\t\t\t<div class=\"elementor-container elementor-column-gap-default\">\n\t\t\t\t\t<div class=\"elementor-column elementor-col-50 elementor-top-column elementor-element elementor-element-eeae039\" data-id=\"eeae039\" data-element_type=\"column\">\n\t\t\t<div class=\"elementor-widget-wrap elementor-element-populated\">\n\t\t\t\t\t\t<div class=\"elementor-element elementor-element-5ab1188 elementor-widget elementor-widget-image\" data-id=\"5ab1188\" data-element_type=\"widget\" data-widget_type=\"image.default\">\n\t\t\t\t<div class=\"elementor-widget-container\">\n\t\t\t\t\t\t\t\t\t\t\t\t\t<img decoding=\"async\" width=\"750\" height=\"157\" src=\"https:\/\/tamusproject.eu\/wp-content\/uploads\/2022\/11\/Erasmus-logo-1024x215.png\" class=\"attachment-large size-large wp-image-128\" alt=\"\" srcset=\"https:\/\/tamusproject.eu\/wp-content\/uploads\/2022\/11\/Erasmus-logo-1024x215.png 1024w, https:\/\/tamusproject.eu\/wp-content\/uploads\/2022\/11\/Erasmus-logo-300x63.png 300w, https:\/\/tamusproject.eu\/wp-content\/uploads\/2022\/11\/Erasmus-logo-768x161.png 768w, https:\/\/tamusproject.eu\/wp-content\/uploads\/2022\/11\/Erasmus-logo-1536x322.png 1536w, https:\/\/tamusproject.eu\/wp-content\/uploads\/2022\/11\/Erasmus-logo-2048x430.png 2048w, https:\/\/tamusproject.eu\/wp-content\/uploads\/2022\/11\/Erasmus-logo-1568x329.png 1568w\" sizes=\"(max-width: 750px) 100vw, 750px\" style=\"width:100%;height:20.98%;max-width:4247px\" \/>\t\t\t\t\t\t\t\t\t\t\t\t\t<\/div>\n\t\t\t\t<\/div>\n\t\t\t\t\t<\/div>\n\t\t<\/div>\n\t\t\t\t<div class=\"elementor-column elementor-col-50 elementor-top-column elementor-element elementor-element-cb7d377\" data-id=\"cb7d377\" data-element_type=\"column\">\n\t\t\t<div class=\"elementor-widget-wrap elementor-element-populated\">\n\t\t\t\t\t\t<div class=\"elementor-element elementor-element-ad33c76 elementor-widget elementor-widget-text-editor\" data-id=\"ad33c76\" data-element_type=\"widget\" data-widget_type=\"text-editor.default\">\n\t\t\t\t<div class=\"elementor-widget-container\">\n\t\t\t\t\t\t\t<p>The European Commission&#8217;s support for the production of this publication does not constitute an endorsement of the contents, which reflect the views only of the authors, and the Commission cannot be held responsible for any use which may be made of the information contained therein. Project Number:\u00a02022-1-DE02-KA220-ADU-000085693<\/p>\t\t\t\t\t\t<\/div>\n\t\t\t\t<\/div>\n\t\t\t\t\t<\/div>\n\t\t<\/div>\n\t\t\t\t\t<\/div>\n\t\t<\/section>\n\t\t\t\t<\/div>","protected":false},"excerpt":{"rendered":"<p>Home About Us Parents Children and YouthOpen menu Comics Magazines SeniorsOpen menu Audio-Books Educators Partners News Background X Facebook TALKING ABOUT IT MAKES US STRONGER Explore ABOUT US The TAMUS (Talking About it Makes Us Stronger) project aims to support families in Europe in promoting positive mental health through a family learning approach. The project&hellip; <a class=\"more-link\" href=\"https:\/\/tamusproject.eu\/fr\/\">Poursuivre la lecture <span class=\"screen-reader-text\">Accueil<\/span><\/a><\/p>","protected":false},"author":1,"featured_media":0,"parent":0,"menu_order":0,"comment_status":"closed","ping_status":"closed","template":"elementor_canvas","meta":{"om_disable_all_campaigns":false,"_monsterinsights_skip_tracking":false,"_monsterinsights_sitenote_active":false,"_monsterinsights_sitenote_note":"","_monsterinsights_sitenote_category":0,"footnotes":""},"class_list":["post-30","page","type-page","status-publish","hentry","entry"],"aioseo_notices":[],"_links":{"self":[{"href":"https:\/\/tamusproject.eu\/fr\/wp-json\/wp\/v2\/pages\/30"}],"collection":[{"href":"https:\/\/tamusproject.eu\/fr\/wp-json\/wp\/v2\/pages"}],"about":[{"href":"https:\/\/tamusproject.eu\/fr\/wp-json\/wp\/v2\/types\/page"}],"author":[{"embeddable":true,"href":"https:\/\/tamusproject.eu\/fr\/wp-json\/wp\/v2\/users\/1"}],"replies":[{"embeddable":true,"href":"https:\/\/tamusproject.eu\/fr\/wp-json\/wp\/v2\/comments?post=30"}],"version-history":[{"count":757,"href":"https:\/\/tamusproject.eu\/fr\/wp-json\/wp\/v2\/pages\/30\/revisions"}],"predecessor-version":[{"id":2366,"href":"https:\/\/tamusproject.eu\/fr\/wp-json\/wp\/v2\/pages\/30\/revisions\/2366"}],"wp:attachment":[{"href":"https:\/\/tamusproject.eu\/fr\/wp-json\/wp\/v2\/media?parent=30"}],"curies":[{"name":"wp","href":"https:\/\/api.w.org\/{rel}","templated":true}]}}