{"id":2093,"date":"2024-10-07T09:03:50","date_gmt":"2024-10-07T09:03:50","guid":{"rendered":"https:\/\/tamusproject.eu\/?page_id=2093"},"modified":"2024-12-03T10:14:46","modified_gmt":"2024-12-03T10:14:46","slug":"background","status":"publish","type":"page","link":"https:\/\/tamusproject.eu\/it\/background\/","title":{"rendered":"Background"},"content":{"rendered":"<div data-elementor-type=\"wp-page\" data-elementor-id=\"2093\" class=\"elementor elementor-2093\">\n\t\t\t\t\t\t<section class=\"elementor-section elementor-top-section elementor-element elementor-element-38330f1 elementor-section-boxed elementor-section-height-default elementor-section-height-default elementor-invisible\" data-id=\"38330f1\" data-element_type=\"section\" data-settings=\"{&quot;background_background&quot;:&quot;classic&quot;,&quot;animation&quot;:&quot;fadeIn&quot;}\">\n\t\t\t\t\t\t<div class=\"elementor-container elementor-column-gap-default\">\n\t\t\t\t\t<div class=\"elementor-column elementor-col-33 elementor-top-column elementor-element elementor-element-fbe956e\" data-id=\"fbe956e\" data-element_type=\"column\">\n\t\t\t<div class=\"elementor-widget-wrap elementor-element-populated\">\n\t\t\t\t\t\t<div class=\"elementor-element elementor-element-a79636c elementor-widget elementor-widget-image\" data-id=\"a79636c\" data-element_type=\"widget\" data-widget_type=\"image.default\">\n\t\t\t\t<div class=\"elementor-widget-container\">\n\t\t\t\t\t\t\t\t\t\t\t\t\t<img fetchpriority=\"high\" decoding=\"async\" width=\"750\" height=\"530\" src=\"https:\/\/tamusproject.eu\/wp-content\/uploads\/2022\/11\/Logo-png-1024x724.png\" class=\"attachment-large size-large wp-image-7\" alt=\"\" srcset=\"https:\/\/tamusproject.eu\/wp-content\/uploads\/2022\/11\/Logo-png-1024x724.png 1024w, https:\/\/tamusproject.eu\/wp-content\/uploads\/2022\/11\/Logo-png-300x212.png 300w, https:\/\/tamusproject.eu\/wp-content\/uploads\/2022\/11\/Logo-png-768x543.png 768w, https:\/\/tamusproject.eu\/wp-content\/uploads\/2022\/11\/Logo-png-1536x1086.png 1536w, https:\/\/tamusproject.eu\/wp-content\/uploads\/2022\/11\/Logo-png-2048x1448.png 2048w\" sizes=\"(max-width: 750px) 100vw, 750px\" style=\"width:100%;height:70.7%;max-width:3508px\" \/>\t\t\t\t\t\t\t\t\t\t\t\t\t<\/div>\n\t\t\t\t<\/div>\n\t\t\t\t\t<\/div>\n\t\t<\/div>\n\t\t\t\t<div class=\"elementor-column elementor-col-33 elementor-top-column elementor-element elementor-element-d6ebf91\" data-id=\"d6ebf91\" data-element_type=\"column\">\n\t\t\t<div class=\"elementor-widget-wrap elementor-element-populated\">\n\t\t\t\t\t\t<div class=\"elementor-element elementor-element-72c8e40 elementor-widget elementor-widget-ekit-nav-menu\" data-id=\"72c8e40\" data-element_type=\"widget\" data-widget_type=\"ekit-nav-menu.default\">\n\t\t\t\t<div class=\"elementor-widget-container\">\n\t\t\t<div class=\"ekit-wid-con ekit_menu_responsive_tablet\" data-hamburger-icon=\"\" data-hamburger-icon-type=\"icon\" data-responsive-breakpoint=\"1024\">            <button class=\"elementskit-menu-hamburger elementskit-menu-toggler\"  type=\"button\" aria-label=\"hamburger-icon\">\n                                    <span class=\"elementskit-menu-hamburger-icon\"><\/span><span class=\"elementskit-menu-hamburger-icon\"><\/span><span class=\"elementskit-menu-hamburger-icon\"><\/span>\n                            <\/button>\n            <div id=\"ekit-megamenu-main\" class=\"elementskit-menu-container elementskit-menu-offcanvas-elements elementskit-navbar-nav-default ekit-nav-menu-one-page-no ekit-nav-dropdown-hover\"><ul id=\"menu-main\" class=\"elementskit-navbar-nav elementskit-menu-po-right submenu-click-on-icon\"><li id=\"menu-item-172\" class=\"menu-item menu-item-type-post_type menu-item-object-page menu-item-home menu-item-172 nav-item elementskit-mobile-builder-content\" data-vertical-menu=\"750px\"><a href=\"https:\/\/tamusproject.eu\/it\/\" class=\"ekit-menu-nav-link\">Home<\/a><\/li>\n<li id=\"menu-item-229\" class=\"menu-item menu-item-type-custom menu-item-object-custom menu-item-229 nav-item elementskit-mobile-builder-content\" data-vertical-menu=\"750px\"><a href=\"https:\/\/tamusproject.eu\/it\/#aboutus\" class=\"ekit-menu-nav-link\">Chi siamo<\/a><\/li>\n<li id=\"menu-item-1673\" class=\"menu-item menu-item-type-post_type menu-item-object-page menu-item-1673 nav-item elementskit-mobile-builder-content\" data-vertical-menu=\"750px\"><a href=\"https:\/\/tamusproject.eu\/it\/parents\/\" class=\"ekit-menu-nav-link\">Parents<\/a><\/li>\n<li id=\"menu-item-1656\" class=\"menu-item menu-item-type-custom menu-item-object-custom menu-item-has-children menu-item-1656 nav-item elementskit-dropdown-has relative_position elementskit-dropdown-menu-default_width elementskit-mobile-builder-content\" data-vertical-menu=\"750px\"><a href=\"https:\/\/tamusproject.eu\/it\/comics\/\" class=\"ekit-menu-nav-link ekit-menu-dropdown-toggle\">Children and Youth<i aria-hidden=\"true\" class=\"icon icon-down-arrow1 elementskit-submenu-indicator\"><\/i><\/a><button class=\"sub-menu-toggle\" aria-expanded=\"false\" onclick=\"twentytwentyoneExpandSubMenu(this)\"><span class=\"icon-plus\"><svg class=\"svg-icon\" width=\"18\" height=\"18\" aria-hidden=\"true\" role=\"img\" focusable=\"false\" viewbox=\"0 0 24 24\" fill=\"none\" xmlns=\"http:\/\/www.w3.org\/2000\/svg\"><path fill-rule=\"evenodd\" clip-rule=\"evenodd\" d=\"M18 11.2h-5.2V6h-1.6v5.2H6v1.6h5.2V18h1.6v-5.2H18z\" fill=\"currentColor\"\/><\/svg><\/span><span class=\"icon-minus\"><svg class=\"svg-icon\" width=\"18\" height=\"18\" aria-hidden=\"true\" role=\"img\" focusable=\"false\" viewbox=\"0 0 24 24\" fill=\"none\" xmlns=\"http:\/\/www.w3.org\/2000\/svg\"><path fill-rule=\"evenodd\" clip-rule=\"evenodd\" d=\"M6 11h12v2H6z\" fill=\"currentColor\"\/><\/svg><\/span><span class=\"screen-reader-text\">Apri menu<\/span><\/button>\n<ul class=\"elementskit-dropdown elementskit-submenu-panel\">\n\t<li id=\"menu-item-642\" class=\"menu-item menu-item-type-post_type menu-item-object-page menu-item-642 nav-item elementskit-mobile-builder-content\" data-vertical-menu=\"750px\"><a href=\"https:\/\/tamusproject.eu\/it\/comics\/\" class=\"dropdown-item\">Fumetti:<\/a>\t<li id=\"menu-item-825\" class=\"menu-item menu-item-type-post_type menu-item-object-page menu-item-825 nav-item elementskit-mobile-builder-content\" data-vertical-menu=\"750px\"><a href=\"https:\/\/tamusproject.eu\/it\/magazines-introductory\/\" class=\"dropdown-item\">Rivista<\/a><\/ul>\n<\/li>\n<li id=\"menu-item-1657\" class=\"menu-item menu-item-type-custom menu-item-object-custom menu-item-has-children menu-item-1657 nav-item elementskit-dropdown-has relative_position elementskit-dropdown-menu-default_width elementskit-mobile-builder-content\" data-vertical-menu=\"750px\"><a href=\"https:\/\/tamusproject.eu\/it\/audio-books\/\" class=\"ekit-menu-nav-link ekit-menu-dropdown-toggle\">Seniors<i aria-hidden=\"true\" class=\"icon icon-down-arrow1 elementskit-submenu-indicator\"><\/i><\/a><button class=\"sub-menu-toggle\" aria-expanded=\"false\" onclick=\"twentytwentyoneExpandSubMenu(this)\"><span class=\"icon-plus\"><svg class=\"svg-icon\" width=\"18\" height=\"18\" aria-hidden=\"true\" role=\"img\" focusable=\"false\" viewbox=\"0 0 24 24\" fill=\"none\" xmlns=\"http:\/\/www.w3.org\/2000\/svg\"><path fill-rule=\"evenodd\" clip-rule=\"evenodd\" d=\"M18 11.2h-5.2V6h-1.6v5.2H6v1.6h5.2V18h1.6v-5.2H18z\" fill=\"currentColor\"\/><\/svg><\/span><span class=\"icon-minus\"><svg class=\"svg-icon\" width=\"18\" height=\"18\" aria-hidden=\"true\" role=\"img\" focusable=\"false\" viewbox=\"0 0 24 24\" fill=\"none\" xmlns=\"http:\/\/www.w3.org\/2000\/svg\"><path fill-rule=\"evenodd\" clip-rule=\"evenodd\" d=\"M6 11h12v2H6z\" fill=\"currentColor\"\/><\/svg><\/span><span class=\"screen-reader-text\">Apri menu<\/span><\/button>\n<ul class=\"elementskit-dropdown elementskit-submenu-panel\">\n\t<li id=\"menu-item-1098\" class=\"menu-item menu-item-type-post_type menu-item-object-page menu-item-1098 nav-item elementskit-mobile-builder-content\" data-vertical-menu=\"750px\"><a href=\"https:\/\/tamusproject.eu\/it\/audio-books\/\" class=\"dropdown-item\">Audiolibri:<\/a><\/ul>\n<\/li>\n<li id=\"menu-item-1725\" class=\"menu-item menu-item-type-post_type menu-item-object-page menu-item-1725 nav-item elementskit-mobile-builder-content\" data-vertical-menu=\"750px\"><a href=\"https:\/\/tamusproject.eu\/it\/educators\/\" class=\"ekit-menu-nav-link\">Educators<\/a><\/li>\n<li id=\"menu-item-1701\" class=\"menu-item menu-item-type-post_type menu-item-object-page menu-item-1701 nav-item elementskit-mobile-builder-content\" data-vertical-menu=\"750px\"><a href=\"https:\/\/tamusproject.eu\/it\/partners\/\" class=\"ekit-menu-nav-link\">Partner<\/a><\/li>\n<li id=\"menu-item-1710\" class=\"menu-item menu-item-type-post_type menu-item-object-page menu-item-1710 nav-item elementskit-mobile-builder-content\" data-vertical-menu=\"750px\"><a href=\"https:\/\/tamusproject.eu\/it\/news\/\" class=\"ekit-menu-nav-link\">Notizie<\/a><\/li>\n<li id=\"menu-item-2111\" class=\"menu-item menu-item-type-post_type menu-item-object-page menu-item-2111 nav-item elementskit-mobile-builder-content\" data-vertical-menu=\"750px\"><a href=\"https:\/\/tamusproject.eu\/it\/background\/\" class=\"ekit-menu-nav-link\">Background<\/a><\/li>\n<\/ul><div class=\"elementskit-nav-identity-panel\">\n\t\t\t\t<div class=\"elementskit-site-title\">\n\t\t\t\t\t<a class=\"elementskit-nav-logo\" href=\"https:\/\/tamusproject.eu\/it\" target=\"_self\" rel=\"\">\n\t\t\t\t\t\t<img decoding=\"async\" src=\"\" title=\"Senza titolo\" alt=\"\" \/>\n\t\t\t\t\t<\/a> \n\t\t\t\t<\/div><button class=\"elementskit-menu-close elementskit-menu-toggler\" type=\"button\">X<\/button><\/div><\/div>\t\t\t\n\t\t\t<div class=\"elementskit-menu-overlay elementskit-menu-offcanvas-elements elementskit-menu-toggler ekit-nav-menu--overlay\"><\/div><\/div>\t\t<\/div>\n\t\t\t\t<\/div>\n\t\t\t\t\t<\/div>\n\t\t<\/div>\n\t\t\t\t<div class=\"elementor-column elementor-col-33 elementor-top-column elementor-element elementor-element-bf89f03\" data-id=\"bf89f03\" data-element_type=\"column\">\n\t\t\t<div class=\"elementor-widget-wrap elementor-element-populated\">\n\t\t\t\t\t\t<div class=\"elementor-element elementor-element-41c58f1 elementor-widget elementor-widget-spacer\" data-id=\"41c58f1\" data-element_type=\"widget\" data-widget_type=\"spacer.default\">\n\t\t\t\t<div class=\"elementor-widget-container\">\n\t\t\t\t\t<div class=\"elementor-spacer\">\n\t\t\t<div class=\"elementor-spacer-inner\"><\/div>\n\t\t<\/div>\n\t\t\t\t<\/div>\n\t\t\t\t<\/div>\n\t\t\t\t<div class=\"elementor-element elementor-element-4140357 elementor-shape-circle elementor-widget__width-initial elementor-grid-0 e-grid-align-center elementor-widget elementor-widget-social-icons\" data-id=\"4140357\" data-element_type=\"widget\" data-widget_type=\"social-icons.default\">\n\t\t\t\t<div class=\"elementor-widget-container\">\n\t\t\t\t\t<div class=\"elementor-social-icons-wrapper elementor-grid\">\n\t\t\t\t\t\t\t<span class=\"elementor-grid-item\">\n\t\t\t\t\t<a class=\"elementor-icon elementor-social-icon elementor-social-icon-facebook elementor-repeater-item-94b1d7f\" href=\"https:\/\/www.facebook.com\/clemrever%20\" target=\"_blank\">\n\t\t\t\t\t\t<span class=\"elementor-screen-only\">Facebook<\/span>\n\t\t\t\t\t\t<i class=\"fab fa-facebook\"><\/i>\t\t\t\t\t<\/a>\n\t\t\t\t<\/span>\n\t\t\t\t\t<\/div>\n\t\t\t\t<\/div>\n\t\t\t\t<\/div>\n\t\t\t\t\t<\/div>\n\t\t<\/div>\n\t\t\t\t\t<\/div>\n\t\t<\/section>\n\t\t\t\t<section class=\"elementor-section elementor-top-section elementor-element elementor-element-2f656eb elementor-section-boxed elementor-section-height-default elementor-section-height-default\" data-id=\"2f656eb\" data-element_type=\"section\" id=\"aboutus\" data-settings=\"{&quot;background_background&quot;:&quot;classic&quot;}\">\n\t\t\t\t\t\t<div class=\"elementor-container elementor-column-gap-default\">\n\t\t\t\t\t<div class=\"elementor-column elementor-col-100 elementor-top-column elementor-element elementor-element-9acc2b6\" data-id=\"9acc2b6\" data-element_type=\"column\">\n\t\t\t<div class=\"elementor-widget-wrap elementor-element-populated\">\n\t\t\t\t\t\t<div class=\"elementor-element elementor-element-f74e7a4 elementor-widget elementor-widget-spacer\" data-id=\"f74e7a4\" data-element_type=\"widget\" data-widget_type=\"spacer.default\">\n\t\t\t\t<div class=\"elementor-widget-container\">\n\t\t\t\t\t<div class=\"elementor-spacer\">\n\t\t\t<div class=\"elementor-spacer-inner\"><\/div>\n\t\t<\/div>\n\t\t\t\t<\/div>\n\t\t\t\t<\/div>\n\t\t\t\t<div class=\"elementor-element elementor-element-097fdc3 elementor-widget elementor-widget-heading\" data-id=\"097fdc3\" data-element_type=\"widget\" data-widget_type=\"heading.default\">\n\t\t\t\t<div class=\"elementor-widget-container\">\n\t\t\t<h2 class=\"elementor-heading-title elementor-size-default\"> BACKGROUND<\/h2>\t\t<\/div>\n\t\t\t\t<\/div>\n\t\t\t\t<div class=\"elementor-element elementor-element-a92b806 elementor-widget elementor-widget-text-editor\" data-id=\"a92b806\" data-element_type=\"widget\" data-widget_type=\"text-editor.default\">\n\t\t\t\t<div class=\"elementor-widget-container\">\n\t\t\t\t\t\t\t<p>Incentivare lo sviluppo di\nuna salute\nmentale positiva tra i cittadini di tutte le et\u00e0\ndovrebbe essere una priorit\u00e0 per t\nutti i\ngoverni, come misura finalizzata al\nbenessere di tutta la\nsociet\u00e0.\nMalgrado c\ni\n\u00f2 i\nrapporti dell'OMS rilevano\nche \u201ci disturbi neuropsichiatrici\ncostituiscono\nil 26%\ndelle malattie\nnell'UE,\nrappresentando il 40% deg\nli anni vissuti con\ndisabilit\u00e0, con la depressione come causa\nprincipale\n\u201d.\nInoltre,\nil\nrapporto\nin oggetto\nstima che fino\nal 50% dei congedi per malattia cronica dal\nposto di lavoro in Europa sia dovuto a\ndepressione e ansia.\nIl costo\npubblico a livello\nUE\n-\n27 dovuto ai\ndisturbi depressivi e\nalle\nmalattie mentali \u00e8\nstimato\nin\n170 miliardi di euro all'anno\u00a0<\/p>\t\t\t\t\t\t<\/div>\n\t\t\t\t<\/div>\n\t\t\t\t<section class=\"elementor-section elementor-inner-section elementor-element elementor-element-b77be39 elementor-section-boxed elementor-section-height-default elementor-section-height-default\" data-id=\"b77be39\" data-element_type=\"section\">\n\t\t\t\t\t\t<div class=\"elementor-container elementor-column-gap-default\">\n\t\t\t\t\t<div class=\"elementor-column elementor-col-16 elementor-inner-column elementor-element elementor-element-e74cda9\" data-id=\"e74cda9\" data-element_type=\"column\">\n\t\t\t<div class=\"elementor-widget-wrap\">\n\t\t\t\t\t\t\t<\/div>\n\t\t<\/div>\n\t\t\t\t<div class=\"elementor-column elementor-col-66 elementor-inner-column elementor-element elementor-element-cc3ee6d\" data-id=\"cc3ee6d\" data-element_type=\"column\">\n\t\t\t<div class=\"elementor-widget-wrap elementor-element-populated\">\n\t\t\t\t\t\t<div class=\"elementor-element elementor-element-2f2796c elementor-invisible elementor-widget elementor-widget-image\" data-id=\"2f2796c\" data-element_type=\"widget\" data-settings=\"{&quot;_animation&quot;:&quot;slideInRight&quot;}\" data-widget_type=\"image.default\">\n\t\t\t\t<div class=\"elementor-widget-container\">\n\t\t\t\t\t\t\t\t\t\t\t\t\t<img decoding=\"async\" width=\"750\" height=\"750\" src=\"https:\/\/tamusproject.eu\/wp-content\/uploads\/2022\/11\/Face-to-face-amico-1024x1024.png\" class=\"attachment-large size-large wp-image-231\" alt=\"\" srcset=\"https:\/\/tamusproject.eu\/wp-content\/uploads\/2022\/11\/Face-to-face-amico-1024x1024.png 1024w, https:\/\/tamusproject.eu\/wp-content\/uploads\/2022\/11\/Face-to-face-amico-300x300.png 300w, https:\/\/tamusproject.eu\/wp-content\/uploads\/2022\/11\/Face-to-face-amico-150x150.png 150w, https:\/\/tamusproject.eu\/wp-content\/uploads\/2022\/11\/Face-to-face-amico-768x768.png 768w, https:\/\/tamusproject.eu\/wp-content\/uploads\/2022\/11\/Face-to-face-amico-1536x1536.png 1536w, https:\/\/tamusproject.eu\/wp-content\/uploads\/2022\/11\/Face-to-face-amico-1568x1568.png 1568w, https:\/\/tamusproject.eu\/wp-content\/uploads\/2022\/11\/Face-to-face-amico.png 2000w\" sizes=\"(max-width: 750px) 100vw, 750px\" style=\"width:100%;height:100%;max-width:2000px\" \/>\t\t\t\t\t\t\t\t\t\t\t\t\t<\/div>\n\t\t\t\t<\/div>\n\t\t\t\t\t<\/div>\n\t\t<\/div>\n\t\t\t\t<div class=\"elementor-column elementor-col-16 elementor-inner-column elementor-element elementor-element-9ba3a4e\" data-id=\"9ba3a4e\" data-element_type=\"column\">\n\t\t\t<div class=\"elementor-widget-wrap\">\n\t\t\t\t\t\t\t<\/div>\n\t\t<\/div>\n\t\t\t\t\t<\/div>\n\t\t<\/section>\n\t\t\t\t<div class=\"elementor-element elementor-element-099a8b3 elementor-widget elementor-widget-text-editor\" data-id=\"099a8b3\" data-element_type=\"widget\" data-widget_type=\"text-editor.default\">\n\t\t\t\t<div class=\"elementor-widget-container\">\n\t\t\t\t\t\t\t<p>Le famiglie sono il fondamento della nostra societ\u00e0. Le famiglie forniscono sicurezza e protezione ai bambini piccoli, assistenza agli anziani e rappresentano una rete di sicurezza davanti alle criticit\u00e0. L'apprendimento familiare pu\u00f2 avere un impatto significativo e duraturo sullo sviluppo dei bambini e pu\u00f2 fornire loro maggiore fiducia in s\u00e9 stessi (NIACE, 2016). \nL'apprendimento in famiglia genera anche lo sviluppo di un senso di solidariet\u00e0, coesione e stimolo tra le persone coinvolte. \nTuttavia, le ricerche ci dicono che nelle famiglie dove i genitori presentano dei problemi di salute mentale, i loro figli corrono un rischio maggiore di sviluppare malattie psichiche rispetto ad altri bambini.\nInfatti la predisposizione a queste malattie pu\u00f2 essere ereditata a livello genetico, tuttavia una grossa percentuale di rischio \u00e8 rappresentata anche dal crescere in un ambiente familiare imprevedibile e incoerente. \nQuando il 20% della popolazione europea soffre di depressione, ansia e disturbi psicologici o psichiatrici, significa che molto probabilmente questi disturbi influenzano un numero altrettanto considerevole di famiglie europee ed \u00e8 a loro che si rivolge il PROGETTO TAMUS, attraverso delle forme di sostegno finalizzate ad una corretta gestione della salute mentale in famiglia.<\/p>\t\t\t\t\t\t<\/div>\n\t\t\t\t<\/div>\n\t\t\t\t<div class=\"elementor-element elementor-element-8201749 elementor-widget elementor-widget-spacer\" data-id=\"8201749\" data-element_type=\"widget\" data-widget_type=\"spacer.default\">\n\t\t\t\t<div class=\"elementor-widget-container\">\n\t\t\t\t\t<div class=\"elementor-spacer\">\n\t\t\t<div class=\"elementor-spacer-inner\"><\/div>\n\t\t<\/div>\n\t\t\t\t<\/div>\n\t\t\t\t<\/div>\n\t\t\t\t\t<\/div>\n\t\t<\/div>\n\t\t\t\t\t<\/div>\n\t\t<\/section>\n\t\t\t\t<section class=\"elementor-section elementor-top-section elementor-element elementor-element-4fd8f36 elementor-section-boxed elementor-section-height-default elementor-section-height-default\" data-id=\"4fd8f36\" data-element_type=\"section\" data-settings=\"{&quot;background_background&quot;:&quot;classic&quot;}\">\n\t\t\t\t\t\t<div class=\"elementor-container elementor-column-gap-default\">\n\t\t\t\t\t<div class=\"elementor-column elementor-col-50 elementor-top-column elementor-element elementor-element-eeae039\" data-id=\"eeae039\" data-element_type=\"column\">\n\t\t\t<div class=\"elementor-widget-wrap elementor-element-populated\">\n\t\t\t\t\t\t<div class=\"elementor-element elementor-element-5ab1188 elementor-widget elementor-widget-image\" data-id=\"5ab1188\" data-element_type=\"widget\" data-widget_type=\"image.default\">\n\t\t\t\t<div class=\"elementor-widget-container\">\n\t\t\t\t\t\t\t\t\t\t\t\t\t<img decoding=\"async\" width=\"750\" height=\"157\" src=\"https:\/\/tamusproject.eu\/wp-content\/uploads\/2022\/11\/Erasmus-logo-1024x215.png\" class=\"attachment-large size-large wp-image-128\" alt=\"\" srcset=\"https:\/\/tamusproject.eu\/wp-content\/uploads\/2022\/11\/Erasmus-logo-1024x215.png 1024w, https:\/\/tamusproject.eu\/wp-content\/uploads\/2022\/11\/Erasmus-logo-300x63.png 300w, https:\/\/tamusproject.eu\/wp-content\/uploads\/2022\/11\/Erasmus-logo-768x161.png 768w, https:\/\/tamusproject.eu\/wp-content\/uploads\/2022\/11\/Erasmus-logo-1536x322.png 1536w, https:\/\/tamusproject.eu\/wp-content\/uploads\/2022\/11\/Erasmus-logo-2048x430.png 2048w, https:\/\/tamusproject.eu\/wp-content\/uploads\/2022\/11\/Erasmus-logo-1568x329.png 1568w\" sizes=\"(max-width: 750px) 100vw, 750px\" style=\"width:100%;height:20.98%;max-width:4247px\" \/>\t\t\t\t\t\t\t\t\t\t\t\t\t<\/div>\n\t\t\t\t<\/div>\n\t\t\t\t\t<\/div>\n\t\t<\/div>\n\t\t\t\t<div class=\"elementor-column elementor-col-50 elementor-top-column elementor-element elementor-element-cb7d377\" data-id=\"cb7d377\" data-element_type=\"column\">\n\t\t\t<div class=\"elementor-widget-wrap elementor-element-populated\">\n\t\t\t\t\t\t<div class=\"elementor-element elementor-element-ad33c76 elementor-widget elementor-widget-text-editor\" data-id=\"ad33c76\" data-element_type=\"widget\" data-widget_type=\"text-editor.default\">\n\t\t\t\t<div class=\"elementor-widget-container\">\n\t\t\t\t\t\t\t<p>The European Commission&#8217;s support for the production of this publication does not constitute an endorsement of the contents, which reflect the views only of the authors, and the Commission cannot be held responsible for any use which may be made of the information contained therein. Project Number:\u00a02022-1-DE02-KA220-ADU-000085693<\/p>\t\t\t\t\t\t<\/div>\n\t\t\t\t<\/div>\n\t\t\t\t\t<\/div>\n\t\t<\/div>\n\t\t\t\t\t<\/div>\n\t\t<\/section>\n\t\t\t\t<\/div>","protected":false},"excerpt":{"rendered":"<p>Home About Us Parents Children and YouthOpen menu Comics Magazines SeniorsOpen menu Audio-Books Educators Partners News Background X Facebook BACKGROUND Nurturing positive mental health among citizens of all ages should be a priority for all governments, as a measure of societal well-being. However, despite the importance of positive mental health for society; reports from the&hellip; <a class=\"more-link\" href=\"https:\/\/tamusproject.eu\/it\/background\/\">Continua a leggere <span class=\"screen-reader-text\">Background<\/span><\/a><\/p>","protected":false},"author":1,"featured_media":0,"parent":0,"menu_order":0,"comment_status":"closed","ping_status":"closed","template":"elementor_canvas","meta":{"om_disable_all_campaigns":false,"_monsterinsights_skip_tracking":false,"_monsterinsights_sitenote_active":false,"_monsterinsights_sitenote_note":"","_monsterinsights_sitenote_category":0,"footnotes":""},"class_list":["post-2093","page","type-page","status-publish","hentry","entry"],"aioseo_notices":[],"_links":{"self":[{"href":"https:\/\/tamusproject.eu\/it\/wp-json\/wp\/v2\/pages\/2093"}],"collection":[{"href":"https:\/\/tamusproject.eu\/it\/wp-json\/wp\/v2\/pages"}],"about":[{"href":"https:\/\/tamusproject.eu\/it\/wp-json\/wp\/v2\/types\/page"}],"author":[{"embeddable":true,"href":"https:\/\/tamusproject.eu\/it\/wp-json\/wp\/v2\/users\/1"}],"replies":[{"embeddable":true,"href":"https:\/\/tamusproject.eu\/it\/wp-json\/wp\/v2\/comments?post=2093"}],"version-history":[{"count":8,"href":"https:\/\/tamusproject.eu\/it\/wp-json\/wp\/v2\/pages\/2093\/revisions"}],"predecessor-version":[{"id":2390,"href":"https:\/\/tamusproject.eu\/it\/wp-json\/wp\/v2\/pages\/2093\/revisions\/2390"}],"wp:attachment":[{"href":"https:\/\/tamusproject.eu\/it\/wp-json\/wp\/v2\/media?parent=2093"}],"curies":[{"name":"wp","href":"https:\/\/api.w.org\/{rel}","templated":true}]}}